{"id":51429,"date":"2018-04-07T10:32:45","date_gmt":"2018-04-07T10:32:45","guid":{"rendered":"http:\/\/www.sexshopcy.com\/product\/throbbing-bunny-pink\/"},"modified":"2022-07-06T13:54:03","modified_gmt":"2022-07-06T10:54:03","slug":"throbbing-bunny-pink","status":"publish","type":"product","link":"https:\/\/eroticsexshop.cy\/en\/product\/throbbing-bunny-pink\/","title":{"rendered":"THROBBING BUNNY PINK"},"content":{"rendered":"<p><iframe title=\"IntimPeti | Throbbing bunny forg\u00f3, l\u00f6k\u0151s, gy\u00f6ngy\u00f6s vibr\u00e1tor\" width=\"500\" height=\"281\" src=\"https:\/\/www.youtube.com\/embed\/moWZfuq9QEI?feature=oembed\" frameborder=\"0\" allow=\"accelerometer; autoplay; clipboard-write; encrypted-media; gyroscope; picture-in-picture; web-share\" referrerpolicy=\"strict-origin-when-cross-origin\" allowfullscreen><\/iframe><\/p>\n","protected":false},"excerpt":{"rendered":"<p>Special for Lonely Ladies, IS DOING EVERYTHING!<\/p>\n<ul>\n<li>12 different functions of vibration for your cute sensitive clitoris!<\/li>\n<li>4 different functions of rotation for massage in your vagina<\/li>\n<li>REACHARGABLE<\/li>\n<li>Is going up and down ( in and out) like real penis that fucks you!<\/li>\n<\/ul>\n","protected":false},"featured_media":51422,"template":"","meta":{"_acf_changed":false,"_seopress_robots_primary_cat":"","_seopress_titles_title":"","_seopress_titles_desc":"","_seopress_robots_index":""},"product_brand":[],"product_cat":[125,124,17,694],"product_tag":[],"class_list":{"0":"post-51429","1":"product","2":"type-product","3":"status-publish","4":"has-post-thumbnail","6":"product_cat-jelly-vibrators","7":"product_cat-rabbit-vibrators","8":"product_cat-sex-toys","9":"product_cat-vibrators-with-movement","11":"first","12":"outofstock","13":"taxable","14":"shipping-taxable","15":"purchasable","16":"product-type-simple"},"acf":[],"_links":{"self":[{"href":"https:\/\/eroticsexshop.cy\/en\/wp-json\/wp\/v2\/product\/51429","targetHints":{"allow":["GET"]}}],"collection":[{"href":"https:\/\/eroticsexshop.cy\/en\/wp-json\/wp\/v2\/product"}],"about":[{"href":"https:\/\/eroticsexshop.cy\/en\/wp-json\/wp\/v2\/types\/product"}],"version-history":[{"count":0,"href":"https:\/\/eroticsexshop.cy\/en\/wp-json\/wp\/v2\/product\/51429\/revisions"}],"wp:featuredmedia":[{"embeddable":true,"href":"https:\/\/eroticsexshop.cy\/en\/wp-json\/wp\/v2\/media\/51422"}],"wp:attachment":[{"href":"https:\/\/eroticsexshop.cy\/en\/wp-json\/wp\/v2\/media?parent=51429"}],"wp:term":[{"taxonomy":"product_brand","embeddable":true,"href":"https:\/\/eroticsexshop.cy\/en\/wp-json\/wp\/v2\/product_brand?post=51429"},{"taxonomy":"product_cat","embeddable":true,"href":"https:\/\/eroticsexshop.cy\/en\/wp-json\/wp\/v2\/product_cat?post=51429"},{"taxonomy":"product_tag","embeddable":true,"href":"https:\/\/eroticsexshop.cy\/en\/wp-json\/wp\/v2\/product_tag?post=51429"}],"curies":[{"name":"wp","href":"https:\/\/api.w.org\/{rel}","templated":true}]}}