{"id":50847,"date":"2018-03-31T16:02:36","date_gmt":"2018-03-31T16:02:36","guid":{"rendered":"http:\/\/www.sexshopcy.com\/product\/nature-cock-8-5flesh\/"},"modified":"2018-03-31T16:03:38","modified_gmt":"2018-03-31T16:03:38","slug":"nature-cock-8-5flesh","status":"publish","type":"product","link":"https:\/\/eroticsexshop.cy\/en\/product\/nature-cock-8-5flesh\/","title":{"rendered":"NATURE COCK 8.5&#8221;FLESH"},"content":{"rendered":"<p><iframe title=\"D\u01b0\u01a1ng v\u1eadt gi\u1ea3 d\u00e2y \u0111eo d\u00e0nh cho Les Lovetoy m\u1ec1n m\u1ecbn ho\u00e0n h\u1ea3o th\u0103ng hoa c\u00f9ng c\u1ea3m x\u00fac .\" width=\"500\" height=\"281\" src=\"https:\/\/www.youtube.com\/embed\/_HvU6pWr_M4?feature=oembed\" frameborder=\"0\" allow=\"accelerometer; autoplay; clipboard-write; encrypted-media; gyroscope; picture-in-picture; web-share\" referrerpolicy=\"strict-origin-when-cross-origin\" allowfullscreen><\/iframe><\/p>\n","protected":false},"excerpt":{"rendered":"<p>Built to deliver the most lifelike satisfaction, Love Toy Dual-layered silicone natural cock is incredibly lifelike with a dual-layered shaft,bulging head and textured balls that create authentic sensation both inside and out. You\u2019ll love the natural feel against your body, which boasts an incredibly realistic softness with a firm inner core that feels just like a real erection.While its rounded lifelike head and veined shaft takes care of business interarlly,the suction base make him perfect for hands free play,with or without a harness.<\/p>\n<p>Key Features:<\/p>\n<ol>\n<li>Proudly made of dual layer liquid silicone.<\/li>\n<li>Firm silicone inside, ultra soft silicone outeside.<\/li>\n<li>Super real feel experience with this dildo which worth every inch.<\/li>\n<li>A superior quality dildo built to give a lifetime of pleasure.<\/li>\n<li>Material : liquid silicone, phthalate free, latex free.<\/li>\n<li>Cock average size: 20.5*3.6CM (including suction cup)<\/li>\n<li>6.5CM diameter for silicone suction base.<\/li>\n<\/ol>\n","protected":false},"featured_media":231878,"template":"","meta":{"_acf_changed":false,"_seopress_robots_primary_cat":"","_seopress_titles_title":"","_seopress_titles_desc":"","_seopress_robots_index":""},"product_brand":[],"product_cat":[387,569,17,130],"product_tag":[],"class_list":{"0":"post-50847","1":"product","2":"type-product","3":"status-publish","4":"has-post-thumbnail","6":"product_cat-dildos","7":"product_cat-dildos-with-suction-cup","8":"product_cat-sex-toys","9":"product_cat-strap-on-vibrators","11":"first","12":"instock","13":"taxable","14":"shipping-taxable","15":"purchasable","16":"product-type-simple"},"acf":[],"_links":{"self":[{"href":"https:\/\/eroticsexshop.cy\/en\/wp-json\/wp\/v2\/product\/50847","targetHints":{"allow":["GET"]}}],"collection":[{"href":"https:\/\/eroticsexshop.cy\/en\/wp-json\/wp\/v2\/product"}],"about":[{"href":"https:\/\/eroticsexshop.cy\/en\/wp-json\/wp\/v2\/types\/product"}],"version-history":[{"count":0,"href":"https:\/\/eroticsexshop.cy\/en\/wp-json\/wp\/v2\/product\/50847\/revisions"}],"wp:featuredmedia":[{"embeddable":true,"href":"https:\/\/eroticsexshop.cy\/en\/wp-json\/wp\/v2\/media\/231878"}],"wp:attachment":[{"href":"https:\/\/eroticsexshop.cy\/en\/wp-json\/wp\/v2\/media?parent=50847"}],"wp:term":[{"taxonomy":"product_brand","embeddable":true,"href":"https:\/\/eroticsexshop.cy\/en\/wp-json\/wp\/v2\/product_brand?post=50847"},{"taxonomy":"product_cat","embeddable":true,"href":"https:\/\/eroticsexshop.cy\/en\/wp-json\/wp\/v2\/product_cat?post=50847"},{"taxonomy":"product_tag","embeddable":true,"href":"https:\/\/eroticsexshop.cy\/en\/wp-json\/wp\/v2\/product_tag?post=50847"}],"curies":[{"name":"wp","href":"https:\/\/api.w.org\/{rel}","templated":true}]}}