{"id":32176,"date":"2024-11-28T12:13:59","date_gmt":"2024-11-28T10:09:43","guid":{"rendered":"https:\/\/www.sexshopcy.com\/product\/cx-glide-hot\/"},"modified":"2024-11-28T13:11:12","modified_gmt":"2024-11-28T10:11:12","slug":"cx-glide-hot","status":"publish","type":"product","link":"https:\/\/eroticsexshop.cy\/en\/product\/cx-glide-hot\/","title":{"rendered":"CX GLIDE HOT"},"content":{"rendered":"<p>Ce lubrifiant CX Glide Hot vous apporte une douce et agr\u00e9able sensation de chaleur associ\u00e9e \u00e0 un haut pouvoir glissant. Non gras, inodore et incolore. Non irritant. Test\u00e9 dermatologiquement. Compatible avec le latex des pr\u00e9servatifs.<\/p>\n<p><span id=\"caracteristiques\">Longueur Totale 39 mm<br \/>\nDiam\u00e8tre 39 mm<br \/>\nPoids en Gr 128<br \/>\nVolume en Ml 100<\/span><\/p>\n","protected":false},"excerpt":{"rendered":"<p>Lubricant with warm effect. Bring back your eroticism! Warm up your relationship with this lubricant. Increasing the temperature of the lubricant during massage, massage brings to your skin arousal and eroticism to your partner. Warm effect on contact, dermatologically approved, mild to sensitive, allergic and 100% natural &#8230;<\/p>\n","protected":false},"featured_media":261739,"template":"","meta":{"_acf_changed":false,"_seopress_robots_primary_cat":"","_seopress_titles_title":"","_seopress_titles_desc":"","_seopress_robots_index":""},"product_brand":[],"product_cat":[21,164,681],"product_tag":[],"class_list":{"0":"post-32176","1":"product","2":"type-product","3":"status-publish","4":"has-post-thumbnail","6":"product_cat-health-and-beauty","7":"product_cat-lubricants","8":"product_cat-warm-and-cool-lubricants","10":"first","11":"instock","12":"taxable","13":"shipping-taxable","14":"purchasable","15":"product-type-variable"},"acf":[],"_links":{"self":[{"href":"https:\/\/eroticsexshop.cy\/en\/wp-json\/wp\/v2\/product\/32176","targetHints":{"allow":["GET"]}}],"collection":[{"href":"https:\/\/eroticsexshop.cy\/en\/wp-json\/wp\/v2\/product"}],"about":[{"href":"https:\/\/eroticsexshop.cy\/en\/wp-json\/wp\/v2\/types\/product"}],"version-history":[{"count":0,"href":"https:\/\/eroticsexshop.cy\/en\/wp-json\/wp\/v2\/product\/32176\/revisions"}],"wp:featuredmedia":[{"embeddable":true,"href":"https:\/\/eroticsexshop.cy\/en\/wp-json\/wp\/v2\/media\/261739"}],"wp:attachment":[{"href":"https:\/\/eroticsexshop.cy\/en\/wp-json\/wp\/v2\/media?parent=32176"}],"wp:term":[{"taxonomy":"product_brand","embeddable":true,"href":"https:\/\/eroticsexshop.cy\/en\/wp-json\/wp\/v2\/product_brand?post=32176"},{"taxonomy":"product_cat","embeddable":true,"href":"https:\/\/eroticsexshop.cy\/en\/wp-json\/wp\/v2\/product_cat?post=32176"},{"taxonomy":"product_tag","embeddable":true,"href":"https:\/\/eroticsexshop.cy\/en\/wp-json\/wp\/v2\/product_tag?post=32176"}],"curies":[{"name":"wp","href":"https:\/\/api.w.org\/{rel}","templated":true}]}}