{"id":279347,"date":"2024-11-20T19:48:16","date_gmt":"2024-11-20T16:48:16","guid":{"rendered":"https:\/\/eroticsexshop.cy\/product\/kissable-bath-and-shower-gel-sensual-mint-370-ml\/"},"modified":"2024-11-20T19:48:16","modified_gmt":"2024-11-20T16:48:16","slug":"kissable-bath-and-shower-gel-sensual-mint-370-ml","status":"publish","type":"product","link":"https:\/\/eroticsexshop.cy\/en\/product\/kissable-bath-and-shower-gel-sensual-mint-370-ml\/","title":{"rendered":"Kissable Bath And Shower Gel Sensual Mint 370 Ml"},"content":{"rendered":"","protected":false},"excerpt":{"rendered":"<p>Kissable Bath &amp; Shower Gel Sensual Mint. Inspired by the Japanese bath rituals, this sensual gel formulated with aloe vera and vitamin E gently cleanses the skin and awakens your senses. Let things get steamy, indulge in sensuous water-play and cover your partner with delicious minty kisses.<\/p>\n<p>Very mild, ideal for even the most sensitive skin<br \/>\nLeaves skin feeling fresh<br \/>\nThick and silky lather<br \/>\nExquisite taste (bubbles)<br \/>\nNo fragrance added<br \/>\n370 ml<\/p>\n<p>Ingredients (I.N.C.I.): Demineralized water\/Eau d\u00e9min\u00e9ralis\u00e9e (Aqua), Sucrose, Glycerin\/Glyc\u00e9rine, Sodium laureth sulfate, Sodium lauryl sulfate, Cocamidopropyl betaine, Aloe vera (Aloe Barbadensis Leaf Juice Powder), Vitamin\/Vitamine E (Tocopherol), Sunflower Oil\/Huile de tournesol (Helianthus Annuus Seed Oil), Peppermint oil\/Huile de menthe poivr\u00e9e (Mentha Piperita Oil), Citric acid\/Acide citrique, Sodium chloride, Magnesium Chloride, Magnesium Nitrate, Sea Salt, Sodium Benzoate, Sodium Ferrocyanide, Sodium Hydroxide, Aspartame, Glycereth-2 Cocoate, Benzoic Acid, Sodium PCA, Methylchloroisothiazolinone, Methylisothiazolinone, Ethylhexyl Salicylate, Butyl Methoxydibenzoylmethane, Diethylhexyl Syringylidenemalonate, FD&amp;C Blue\/Bleu #1 (CI 42090), FD&amp;C Yellow\/Jaune #5 (CI 19140).<\/p>\n","protected":false},"featured_media":272395,"template":"","meta":{"_acf_changed":false,"_seopress_robots_primary_cat":"","_seopress_titles_title":"","_seopress_titles_desc":"","_seopress_robots_index":""},"product_brand":[],"product_cat":[21,698],"product_tag":[],"class_list":{"0":"post-279347","1":"product","2":"type-product","3":"status-publish","4":"has-post-thumbnail","6":"product_cat-health-and-beauty","7":"product_cat-health-and-pharmaceutical","9":"first","10":"instock","11":"taxable","12":"shipping-taxable","13":"purchasable","14":"product-type-simple"},"acf":[],"_links":{"self":[{"href":"https:\/\/eroticsexshop.cy\/en\/wp-json\/wp\/v2\/product\/279347","targetHints":{"allow":["GET"]}}],"collection":[{"href":"https:\/\/eroticsexshop.cy\/en\/wp-json\/wp\/v2\/product"}],"about":[{"href":"https:\/\/eroticsexshop.cy\/en\/wp-json\/wp\/v2\/types\/product"}],"version-history":[{"count":0,"href":"https:\/\/eroticsexshop.cy\/en\/wp-json\/wp\/v2\/product\/279347\/revisions"}],"wp:featuredmedia":[{"embeddable":true,"href":"https:\/\/eroticsexshop.cy\/en\/wp-json\/wp\/v2\/media\/272395"}],"wp:attachment":[{"href":"https:\/\/eroticsexshop.cy\/en\/wp-json\/wp\/v2\/media?parent=279347"}],"wp:term":[{"taxonomy":"product_brand","embeddable":true,"href":"https:\/\/eroticsexshop.cy\/en\/wp-json\/wp\/v2\/product_brand?post=279347"},{"taxonomy":"product_cat","embeddable":true,"href":"https:\/\/eroticsexshop.cy\/en\/wp-json\/wp\/v2\/product_cat?post=279347"},{"taxonomy":"product_tag","embeddable":true,"href":"https:\/\/eroticsexshop.cy\/en\/wp-json\/wp\/v2\/product_tag?post=279347"}],"curies":[{"name":"wp","href":"https:\/\/api.w.org\/{rel}","templated":true}]}}