{"id":277923,"date":"2024-12-10T16:55:11","date_gmt":"2024-12-10T13:55:11","guid":{"rendered":"https:\/\/eroticsexshop.cy\/product\/jojo-double-realistic-silicone-vibrator-pink\/"},"modified":"2024-12-10T16:58:13","modified_gmt":"2024-12-10T13:58:13","slug":"jojo-double-realistic-silicone-vibrator-pink","status":"publish","type":"product","link":"https:\/\/eroticsexshop.cy\/en\/product\/jojo-double-realistic-silicone-vibrator-pink\/","title":{"rendered":"Jojo Double Realistic Silicone Vibrator \u2013 Pink"},"content":{"rendered":"","protected":false},"excerpt":{"rendered":"<div class=\"n4sEPd\">\n<div class=\"QFw9Te BLojaf\">\n<div id=\"ow11\"><\/div>\n<\/div>\n<div class=\"DVHrxd\">\n<div class=\"VfPpkd-Bz112c-Jh9lGc\"><\/div>\n<p><span data-is-tooltip-wrapper=\"true\"><button class=\"VfPpkd-Bz112c-LgbsSe VfPpkd-Bz112c-LgbsSe-OWXEXe-e5LLRc-SxQuSe yHy1rc eT1oJ mN1ivc ZihNHd GA2I6e\" data-disable-idom=\"true\" aria-label=\"\u0394\u03b9\u03b1\u03b3\u03c1\u03b1\u03c6\u03b7 \u03ba\u03b5\u03b9\u03bc\u03b5\u03bd\u03bf\u03c5 \u03c0\u03b7\u03b3\u03b7\u03c2\" data-tooltip-enabled=\"true\" data-tooltip-id=\"tt-c102\"><i class=\"material-icons-extended notranslate VfPpkd-kBDsod\" lang=\"\" aria-hidden=\"true\">clear<\/i><\/button><\/span><\/p>\n<div class=\"VfPpkd-Bz112c-RLmnJb\"><\/div>\n<div id=\"tt-c102\" class=\"EY8ABd-OWXEXe-TAWMXe\" role=\"tooltip\" aria-hidden=\"true\"><\/div>\n<\/div>\n<div class=\"UdTY9 qhIQqf leDWne\" aria-hidden=\"true\" data-location=\"1\">\n<div class=\"kO6q6e\" dir=\"ltr\">Dipl\u00f3 Realistik\u00f3 Donit\u00ed Silik\u00f3nis Jojo Double Realistic Silicone Vibrator o opo\u00edos \u00e9rchetai gia na sas char\u00edsei apl\u00f3chera tin ap\u00f3lafsi tis dipl\u00eds die\u00edsdysis. I exairetik\u00eds poi\u00f3titas silik\u00f3ni ap\u00f3 tin opo\u00eda e\u00ednai ex olokl\u00edrou kataskevasm\u00e9nos, tou char\u00edzei mia velo\u00fadini a\u00edsthisi kai \u00e9na metax\u00e9nio \u00e1ngigma pou tha sas kerd\u00edsei ap\u00f3 tin pr\u00f3ti for\u00e1 pou tha ton p\u00e1rete sta ch\u00e9ria sas en\u00f3 e\u00ednai pl\u00edros adi\u00e1vrochos gia na bore\u00edte na ton cha\u00edreste ak\u00f3ma kai m\u00e9sa sto b\u00e1nio sas. Schediasm\u00e9nos gia kolpik\u00ed kai gia proktik\u00ed chr\u00edsi taft\u00f3chrona, me anepa\u00edsthites an\u00e1glyfes flevoeide\u00eds ravd\u00f3seis, yp\u00f3schetai ti m\u00e9gisti dynat\u00ed kolpik\u00ed kai proktik\u00ed di\u00e9gersi en\u00f3 sti v\u00e1si tou yp\u00e1rchoun ta koumpi\u00e1 cheirismo\u00fa gia na bore\u00edte na epil\u00e9xete \u00e9fkola to agapim\u00e9no sas mot\u00edvo d\u00f3nisis. I elastik\u00f3tita tou e\u00ednai se exairetik\u00e1 ep\u00edpeda gia na bor\u00e9sete na vre\u00edte \u00e9fkola ti sost\u00ed gon\u00eda die\u00edsdysis pou tha sas taxid\u00e9psei stous 7 ourano\u00fas en\u00f3 ekt\u00f3s ap\u00f3 taft\u00f3chroni kolpik\u00ed kai proktik\u00ed chr\u00edsi, bore\u00ed na chrisimopoiithe\u00ed se dipl\u00ed kolpik\u00ed die\u00edsdysi. K\u00fdria Charaktiristik\u00e1 Valanoeide\u00eds koryf\u00e9s flevoeide\u00eds ravd\u00f3seis Adi\u00e1vrochos Chortastik\u00ed di\u00e1metros 4 cm Idanik\u00f3s gia dipl\u00e9s dieisd\u00fdseis Exairetik\u00eds poi\u00f3titas silik\u00f3ni 10 progr\u00e1mmata d\u00f3nisis \u00c9fkolos cheirism\u00f3s Pos chrisimopoi\u00f3 to n\u00e9o mou erotik\u00f3 paichn\u00eddi Fort\u00edste ton kaino\u00fario sas donit\u00ed gia 2 \u00f3res me to fortist\u00ed USB o opo\u00edos emperi\u00e9chetai sti syskevas\u00eda gia na sas char\u00edsei 120 ol\u00f3klira lept\u00e1 ap\u00f3lafsis. Mia mikr\u00ed pos\u00f3tita lipantiko\u00fa nero\u00fa \u00ed yvridiko\u00fa lipantiko\u00fa bore\u00ed na anavathm\u00edsei tin empeir\u00eda sas maz\u00ed tou kai na sas char\u00edsei monadik\u00e9s aisth\u00edseis en\u00f3 i par\u00e1llili chrisimopo\u00edisi tou me k\u00e1poio diegertik\u00f3 lipantik\u00f3 z\u00e9stis \u00ed ps\u00fdxis kyriolektik\u00e1 tha sas apogei\u00f3sei&#8230; Energopoi\u00edste ti d\u00f3nisi kai periplanithe\u00edte sta 10 proenkatestim\u00e9na progr\u00e1mmata d\u00f3nisis pou diath\u00e9tei gia na vre\u00edte eke\u00edno pou tha sas k\u00e1nei na anatrichi\u00e1sete ap\u00f3 ap\u00f3lafsi. Extra Tips O Jojo bore\u00ed na synyp\u00e1rxei apolafstik\u00e1 maz\u00ed me to ta\u00edri sas kai na sas voith\u00edsei na pragmatopoi\u00edsete \u00f3les sas tis fantasi\u00f3seis op\u00f3te ekmetallefte\u00edte aft\u00edn tin efkair\u00eda kai epidothe\u00edte se synedr\u00edes taft\u00f3chronis kolpik\u00eds kai proktik\u00eds ap\u00f3lafsis tin \u00eddia stigm\u00ed pou k\u00e1nete stomatik\u00f3 sex sto ta\u00edri sas kai to apot\u00e9lesma tha antame\u00edpsei kai tous d\u00fdo sas. Katharism\u00f3s kai apoth\u00edkefsi Chrisimopoi\u00edste exeidikevm\u00e9na katharistik\u00e1 gia sex toys gia ton katharism\u00f3 tou donit\u00ed sas. Af\u00edste ton na stegn\u00f3sei ston a\u00e9ra \u00ed skoup\u00edste ton me mia malak\u00ed pets\u00e9ta pou den af\u00ednei chno\u00fadi.<\/div>\n<div class=\"zWhQbb\">\u0395\u03bc\u03c6\u03b1\u03bd\u03b9\u03c3\u03b7 \u03c0\u03b5\u03c1\u03b9\u03c3\u03c3\u03bf\u03c4\u03b5\u03c1\u03c9\u03bd<\/div>\n<\/div>\n<div><\/div>\n<div class=\"ebT7ne uE8p1 sMVRZe\">\n<div class=\"F0pQVc\"><\/div>\n<\/div>\n<div class=\"FFpbKc\">\n<div class=\"xMmqsf\">\n<div>\n<div class=\"VfPpkd-Bz112c-Jh9lGc\"><\/div>\n<div class=\"VfPpkd-Bz112c-RLmnJb\"><\/div>\n<div id=\"tt-i23\" class=\"EY8ABd-OWXEXe-TAWMXe\" role=\"tooltip\" aria-hidden=\"true\"><\/div>\n<\/div>\n<div class=\"r375lc\">\n<div class=\"aJIq1d\" dir=\"ltr\" data-language-code=\"el\" data-language-name=\"\u0395\u03bb\u03bb\u03b7\u03bd\u03b9\u03ba\u03b1\" data-text=\"\" data-crosslingual-hint=\"undefined\" data-location=\"1\" data-enable-toggle-playback-speed=\"true\">\n<div class=\"m0Qfkd\">\n<div class=\"VfPpkd-Bz112c-Jh9lGc\"><\/div>\n<div class=\"VfPpkd-Bz112c-RLmnJb\"><\/div>\n<div id=\"ucj-11\" class=\"EY8ABd-OWXEXe-TAWMXe\" role=\"tooltip\" aria-hidden=\"true\"><\/div>\n<\/div>\n<\/div>\n<\/div>\n<p><span class=\"ZTPlmc\" dir=\"ltr\" role=\"img\" aria-label=\"\u03a7\u03c1\u03b7\u03c3\u03b9\u03bc\u03bf\u03c0\u03bf\u03b9\u03bf\u03c5\u03bd\u03c4\u03b1\u03b9 2.399 \u03b1\u03c0\u03bf 5.000 \u03c7\u03b1\u03c1\u03b1\u03ba\u03c4\u03b7\u03c1\u03b5\u03c2\">2.399\u00a0\/\u00a05.000<\/span><\/p>\n<div class=\"nidPne\">\n<div data-show-delay-ms=\"250\" data-append-to-body=\"true\" data-propagate-tooltip-mouseover-events=\"true\" data-anchor-corner=\"bottom-left\" data-enable-skip-handler=\"true\" data-popup-corner=\"top-left\">\n<div class=\"dig2sb\">\n<div class=\"scLCMd\">\n<div id=\"itamenu\">\n<div class=\"goog-container goog-container-vertical\" tabindex=\"-1\"><\/div>\n<\/div>\n<\/div>\n<\/div>\n<\/div>\n<\/div>\n<\/div>\n<\/div>\n<\/div>\n<h2 id=\"ucj-12\" class=\"oBOnKe\">\u0391\u03c0\u03bf\u03c4\u03b5\u03bb\u03b5\u03c3\u03bc\u03b1\u03c4\u03b1 \u03bc\u03b5\u03c4\u03b1\u03c6\u03c1\u03b1\u03c3\u03b7\u03c2<\/h2>\n<div class=\"QcsUad BDJ8fb BLojaf sMVRZe hCXDsb wneUed\">\n<h3 class=\"oBOnKe\">\u0391\u03c0\u03bf\u03c4\u03b5\u03bb\u03b5\u03c3\u03bc\u03b1 \u03bc\u03b5\u03c4\u03b1\u03c6\u03c1\u03b1\u03c3\u03b7\u03c2<\/h3>\n<div class=\"usGWQd\">\n<div class=\"KkbLmb\">\n<div class=\"lRu31\" dir=\"ltr\"><span class=\"HwtZe\" lang=\"en\"><span class=\"jCAhz ChMk0b\"><span class=\"ryNqvb\">Jojo Double Realistic Silicone Vibrator which comes to generously give you the pleasure of double penetration.<\/span><\/span><span class=\"jCAhz ChMk0b\"><span class=\"ryNqvb\"> The excellent quality silicone from which it is entirely made, gives it a velvety feel and a silky touch that will win you over from the first time you take it in your hands while it is fully waterproof so you can enjoy it even in your bathroom.<\/span><\/span><span class=\"jCAhz ChMk0b\"><span class=\"ryNqvb\"> Designed for vaginal and anal use at the same time, with subtle embossed vein-like ridges, it promises maximum vaginal and anal stimulation while at its base there are control buttons so you can easily choose your favorite vibration pattern.<\/span><\/span><span class=\"jCAhz ChMk0b\"><span class=\"ryNqvb\"> Its elasticity is at excellent levels so that you can easily find the right angle of penetration that will take you to the 7 heavens, while in addition to simultaneous vaginal and anal use, it can be used for double vaginal penetration.<\/span><\/span><span class=\"jCAhz ChMk0b\"><span class=\"ryNqvb\"> Main Features Galvanized peaks Venous ridges Waterproof Satisfying diameter 4 cm Ideal for double penetrations High-quality silicone 10 vibration programs Easy to use How do I use my new sex toy Charge your new vibrator for 2 hours with the USB charger included in the package to give you 120 full minutes of pleasure.<\/span><\/span><span class=\"jCAhz ChMk0b\"><span class=\"ryNqvb\"> A small amount of water-based lubricant or hybrid lubricant can enhance your experience with it and give you unique sensations, while its parallel use with a stimulating heat or cooling lubricant will literally take you off your feet&#8230; Turn on the vibration and wander through the 10 pre-installed vibration programs it has to find the one that will make you shiver with pleasure.<\/span><\/span><span class=\"jCAhz ChMk0b\"><span class=\"ryNqvb\"> Extra Tips Jojo can coexist delightfully with your partner and help you realize all your fantasies, so take advantage of this opportunity and indulge in sessions of simultaneous vaginal and anal pleasure at the same time as you perform oral sex on your partner and the result will reward both of you.<\/span><\/span><span class=\"jCAhz ChMk0b\"><span class=\"ryNqvb\"> Cleaning and storage Use specialized sex toy cleaners to clean your vibrator.<\/span><\/span><span class=\"jCAhz ChMk0b\"><span class=\"ryNqvb\"> Let it air dry or wipe it with a soft, lint-free towel.<\/span><\/span><\/span><\/div>\n<\/div>\n<\/div>\n<\/div>\n","protected":false},"featured_media":277919,"template":"","meta":{"_acf_changed":false,"_seopress_robots_primary_cat":"","_seopress_titles_title":"","_seopress_titles_desc":"","_seopress_robots_index":""},"product_brand":[],"product_cat":[127,880,17],"product_tag":[],"class_list":{"0":"post-277923","1":"product","2":"type-product","3":"status-publish","4":"has-post-thumbnail","6":"product_cat-double-vibrators","7":"product_cat-new-products-en","8":"product_cat-sex-toys","10":"first","11":"instock","12":"taxable","13":"shipping-taxable","14":"purchasable","15":"product-type-simple"},"acf":[],"_links":{"self":[{"href":"https:\/\/eroticsexshop.cy\/en\/wp-json\/wp\/v2\/product\/277923","targetHints":{"allow":["GET"]}}],"collection":[{"href":"https:\/\/eroticsexshop.cy\/en\/wp-json\/wp\/v2\/product"}],"about":[{"href":"https:\/\/eroticsexshop.cy\/en\/wp-json\/wp\/v2\/types\/product"}],"version-history":[{"count":1,"href":"https:\/\/eroticsexshop.cy\/en\/wp-json\/wp\/v2\/product\/277923\/revisions"}],"predecessor-version":[{"id":277924,"href":"https:\/\/eroticsexshop.cy\/en\/wp-json\/wp\/v2\/product\/277923\/revisions\/277924"}],"wp:featuredmedia":[{"embeddable":true,"href":"https:\/\/eroticsexshop.cy\/en\/wp-json\/wp\/v2\/media\/277919"}],"wp:attachment":[{"href":"https:\/\/eroticsexshop.cy\/en\/wp-json\/wp\/v2\/media?parent=277923"}],"wp:term":[{"taxonomy":"product_brand","embeddable":true,"href":"https:\/\/eroticsexshop.cy\/en\/wp-json\/wp\/v2\/product_brand?post=277923"},{"taxonomy":"product_cat","embeddable":true,"href":"https:\/\/eroticsexshop.cy\/en\/wp-json\/wp\/v2\/product_cat?post=277923"},{"taxonomy":"product_tag","embeddable":true,"href":"https:\/\/eroticsexshop.cy\/en\/wp-json\/wp\/v2\/product_tag?post=277923"}],"curies":[{"name":"wp","href":"https:\/\/api.w.org\/{rel}","templated":true}]}}