{"id":214988,"date":"2023-08-01T13:13:53","date_gmt":"2023-08-01T10:13:53","guid":{"rendered":"https:\/\/www.sexshopcy.com\/product\/negligee-pagod-red-paris\/"},"modified":"2023-08-01T13:14:52","modified_gmt":"2023-08-01T10:14:52","slug":"negligee-pagod-red-paris","status":"publish","type":"product","link":"https:\/\/eroticsexshop.cy\/en\/product\/negligee-pagod-red-paris\/","title":{"rendered":"N\u00e9glig\u00e9e Pagod Red Paris"},"content":{"rendered":"","protected":false},"excerpt":{"rendered":"<p>Red kimono with belt, black n\u00e9glig\u00e9e lace and sheer accompanied by matching thong.<\/p>\n<p>95% Polyester + 5% Spandex<\/p>\n<p>Sizes: S\/M &#8211; L\/XL &#8211; 2XL\/3XL<\/p>\n","protected":false},"featured_media":214987,"template":"","meta":{"_acf_changed":false,"_seopress_robots_primary_cat":"","_seopress_titles_title":"","_seopress_titles_desc":"","_seopress_robots_index":""},"product_brand":[],"product_cat":[112,719,24],"product_tag":[],"class_list":{"0":"post-214988","1":"product","2":"type-product","3":"status-publish","4":"has-post-thumbnail","6":"product_cat-plus-size-sexy-fashion","7":"product_cat-robes-kimono","8":"product_cat-sexy-fashion","10":"first","11":"instock","12":"taxable","13":"shipping-taxable","14":"purchasable","15":"product-type-variable"},"acf":[],"_links":{"self":[{"href":"https:\/\/eroticsexshop.cy\/en\/wp-json\/wp\/v2\/product\/214988","targetHints":{"allow":["GET"]}}],"collection":[{"href":"https:\/\/eroticsexshop.cy\/en\/wp-json\/wp\/v2\/product"}],"about":[{"href":"https:\/\/eroticsexshop.cy\/en\/wp-json\/wp\/v2\/types\/product"}],"version-history":[{"count":0,"href":"https:\/\/eroticsexshop.cy\/en\/wp-json\/wp\/v2\/product\/214988\/revisions"}],"wp:featuredmedia":[{"embeddable":true,"href":"https:\/\/eroticsexshop.cy\/en\/wp-json\/wp\/v2\/media\/214987"}],"wp:attachment":[{"href":"https:\/\/eroticsexshop.cy\/en\/wp-json\/wp\/v2\/media?parent=214988"}],"wp:term":[{"taxonomy":"product_brand","embeddable":true,"href":"https:\/\/eroticsexshop.cy\/en\/wp-json\/wp\/v2\/product_brand?post=214988"},{"taxonomy":"product_cat","embeddable":true,"href":"https:\/\/eroticsexshop.cy\/en\/wp-json\/wp\/v2\/product_cat?post=214988"},{"taxonomy":"product_tag","embeddable":true,"href":"https:\/\/eroticsexshop.cy\/en\/wp-json\/wp\/v2\/product_tag?post=214988"}],"curies":[{"name":"wp","href":"https:\/\/api.w.org\/{rel}","templated":true}]}}