{"id":164341,"date":"2024-11-28T11:55:16","date_gmt":"2024-11-28T11:50:40","guid":{"rendered":"https:\/\/www.sexshopcy.com\/product\/%cf%84%ce%b6%ce%b5%ce%bb-%cf%83%cf%8e%ce%bc%ce%b1%cf%84%ce%bf%cf%82-%ce%b1%ce%bd%ce%b1%cf%84%ce%bf%ce%bb%ce%af%cf%84%ce%b9%ce%ba%ce%bf%cf%85-nuru-%ce%bc%ce%b1%cf%83%ce%ac%ce%b6-%ce%bc%ce%b5-%ce%ac-2\/"},"modified":"2024-12-17T12:33:32","modified_gmt":"2024-12-17T09:33:32","slug":"oriental-nuru-massage-body-gel-with-strawberry-sparkling-wine-scent","status":"publish","type":"product","link":"https:\/\/eroticsexshop.cy\/en\/product\/oriental-nuru-massage-body-gel-with-strawberry-sparkling-wine-scent\/","title":{"rendered":"Oriental Nuru Massage Body Gel with Strawberry Sparkling Wine Scent"},"content":{"rendered":"","protected":false},"excerpt":{"rendered":"<p><strong>Oriental Body Slide Sparkling Strawberry Wine &#8211; <\/strong>body massage gel.<br \/>\nThis oriental body massage is an intensely sensual and pleasurable experience where two bodies move effortlessly over each other in a gliding motion. Once the body gel is poured over the two naked bodies, it creates an intoxicating and aphrodisiac effect. The skin becomes silky smooth and transforms tender caresses into sensual touches.<\/p>\n<p>This kit contains a ready-to-mix solution that creates 1 gallon of soft and warm massage gel and a large waterproof sheet that is subject to unlimited passion.<br \/>\nIt is a completely stimulating and intense erotic sensual experience.<br \/>\nThe gel, poured entirely on 2 naked bodies, allows the lovers to slide over each other in a sliding motion.<\/p>\n<ul>\n<li>Water based<\/li>\n<li>Without parabens<\/li>\n<li>No fragrance<\/li>\n<li>Gluten-free<\/li>\n<li>Sugarless<\/li>\n<li>Vegetarian<\/li>\n<li>Lick<\/li>\n<li>Latex friendly<\/li>\n<li>Safe with sex toys<\/li>\n<li>Wash with water<\/li>\n<\/ul>\n<p><strong>Step 1:<\/strong>\u00a0Fold your sheet in half and the thick one on the floor or mattress.<br \/>\n<strong>Step 2:<\/strong>\u00a0Roll the towels lengthwise to form a cylindrical or tube-like shape and mark on the pressed surface following its edges to form a rectangle.<br \/>\n<strong>Step 3:<\/strong>\u00a0Unfold the waterproof gold foil and reclaim the surface by carefully sanding the center and aligned edges to form a basin shape.<br \/>\n<strong>Step 4<\/strong>: Pour 3.5 L of hot tap water and bottle #1 into the selected container.<br \/>\n<strong>Step 5:<\/strong>\u00a0Add bottle #2 and mix well. Creates 4 L Massage Gel.<br \/>\nGently pour the warm Gel Massage on the body of your loved one. Begin the body-to-body massage. Let your imagination be your guide. Let the fun begin! All instructions are illustrated on the front of the package.<\/p>\n<ul>\n<li>Large waterproof sheet included.<\/li>\n<li>2 x 250 ml<\/li>\n<li>This mix makes 4 liters of gel<\/li>\n<\/ul>\n<p>&nbsp;<\/p>\n<p>Strawberry Bottle\/Bouteille #1: Demineralized Water\/Eau d\u00e9min\u00e9ralis\u00e9e (Aqua), Acrylates \/ C10-30 Alkyl Acrylate Crosspolymer, Glycereth-2 cocoate\/ Benzoic Acid\/Sodium PCA, Artificial Flavor\/Saveur artificielle (Aroma), DMDMH, Aloes Vera ( Aloes), Sodium saccharin. Colors for\/Couleurs pour :\u00a0 STRAWBERRIES &amp; CHAMPAGNE\/ FRAISES ET CHAMPAGNE: FD&amp;C Red\/Rouge #40 (CI 16035). Bottle\/Bouteille #2: Demineralized Water\/Eau (Aqua), Glycerin USP\/Glycerine USP, Triethanolamine.<\/p>\n","protected":false},"featured_media":253117,"template":"","meta":{"_acf_changed":false,"_seopress_robots_primary_cat":"","_seopress_titles_title":"","_seopress_titles_desc":"","_seopress_robots_index":""},"product_brand":[],"product_cat":[998,761,21,165,685],"product_tag":[],"class_list":{"0":"post-164341","1":"product","2":"type-product","3":"status-publish","4":"has-post-thumbnail","6":"product_cat-christmas-gifts","7":"product_cat-gifts","8":"product_cat-health-and-beauty","9":"product_cat-massage-products","10":"product_cat-waterbased-lubricants","12":"first","13":"instock","14":"taxable","15":"shipping-taxable","16":"purchasable","17":"product-type-simple"},"acf":[],"_links":{"self":[{"href":"https:\/\/eroticsexshop.cy\/en\/wp-json\/wp\/v2\/product\/164341","targetHints":{"allow":["GET"]}}],"collection":[{"href":"https:\/\/eroticsexshop.cy\/en\/wp-json\/wp\/v2\/product"}],"about":[{"href":"https:\/\/eroticsexshop.cy\/en\/wp-json\/wp\/v2\/types\/product"}],"version-history":[{"count":1,"href":"https:\/\/eroticsexshop.cy\/en\/wp-json\/wp\/v2\/product\/164341\/revisions"}],"predecessor-version":[{"id":278245,"href":"https:\/\/eroticsexshop.cy\/en\/wp-json\/wp\/v2\/product\/164341\/revisions\/278245"}],"wp:featuredmedia":[{"embeddable":true,"href":"https:\/\/eroticsexshop.cy\/en\/wp-json\/wp\/v2\/media\/253117"}],"wp:attachment":[{"href":"https:\/\/eroticsexshop.cy\/en\/wp-json\/wp\/v2\/media?parent=164341"}],"wp:term":[{"taxonomy":"product_brand","embeddable":true,"href":"https:\/\/eroticsexshop.cy\/en\/wp-json\/wp\/v2\/product_brand?post=164341"},{"taxonomy":"product_cat","embeddable":true,"href":"https:\/\/eroticsexshop.cy\/en\/wp-json\/wp\/v2\/product_cat?post=164341"},{"taxonomy":"product_tag","embeddable":true,"href":"https:\/\/eroticsexshop.cy\/en\/wp-json\/wp\/v2\/product_tag?post=164341"}],"curies":[{"name":"wp","href":"https:\/\/api.w.org\/{rel}","templated":true}]}}