{"id":160804,"date":"2024-11-28T12:51:24","date_gmt":"2024-11-28T09:51:24","guid":{"rendered":"https:\/\/www.sexshopcy.com\/product\/prorino-libido-powder-for-her\/"},"modified":"2025-11-27T20:27:56","modified_gmt":"2025-11-27T18:27:56","slug":"prorino-libido-powder-for-her","status":"publish","type":"product","link":"https:\/\/eroticsexshop.cy\/en\/product\/prorino-libido-powder-for-her\/","title":{"rendered":"PRORINO LIBDITO POWDER FOR WOMEN FOR INTENSE SEXUAL DESIRE"},"content":{"rendered":"","protected":false},"excerpt":{"rendered":"<p>For women who want extended nights full of passion. Developed to increase your vitality and sex drive. To stimulate and increase your libido. With arginine to stimulate and increase your libido. The powder can easily dissolve in your drink.<\/p>\n<p>RECOMMENDED USE:<br \/>\nTake one envelope once a day before the desired effect \u2013 to dissolve it in water or simply on the tongue.<\/p>\n<p>The package includes 7 sachets of powder.<\/p>\n<p>Ingredients: Fructose, 10% L-Arginine, Taurine, S\u00e4uerungsmittel: Citronens\u00e4ure, Aroma, S\u00e4uregulator: Natriumhydrogencarbonat, Damianablattpulver, Granat-Apfel-Extract, Caffeine, Farbstoff: Beta-Carotin<\/p>\n<p>In case you only want ONE stick, click on the link\u00a0 <a href=\"https:\/\/www.sexshopcy.com\/wp-admin\/post.php?post=239649&amp;action=edit&amp;lang=el\">https:\/\/www.sexshopcy.com\/wp-admin\/post.php?post=239649&amp;action=edit&amp;lang=el<\/a><\/p>\n","protected":false},"featured_media":95353,"template":"","meta":{"_acf_changed":false,"_seopress_robots_primary_cat":"","_seopress_titles_title":"","_seopress_titles_desc":"","_seopress_robots_index":""},"product_brand":[],"product_cat":[172,19,21,629,525],"product_tag":[],"class_list":{"0":"post-160804","1":"product","2":"type-product","3":"status-publish","4":"has-post-thumbnail","6":"product_cat-food-supplements","7":"product_cat-for-women","8":"product_cat-health-and-beauty","9":"product_cat-stimulants-for-women","10":"product_cat-stimulation-drops","12":"first","13":"instock","14":"taxable","15":"shipping-taxable","16":"purchasable","17":"product-type-simple"},"acf":[],"_links":{"self":[{"href":"https:\/\/eroticsexshop.cy\/en\/wp-json\/wp\/v2\/product\/160804","targetHints":{"allow":["GET"]}}],"collection":[{"href":"https:\/\/eroticsexshop.cy\/en\/wp-json\/wp\/v2\/product"}],"about":[{"href":"https:\/\/eroticsexshop.cy\/en\/wp-json\/wp\/v2\/types\/product"}],"version-history":[{"count":1,"href":"https:\/\/eroticsexshop.cy\/en\/wp-json\/wp\/v2\/product\/160804\/revisions"}],"predecessor-version":[{"id":294325,"href":"https:\/\/eroticsexshop.cy\/en\/wp-json\/wp\/v2\/product\/160804\/revisions\/294325"}],"wp:featuredmedia":[{"embeddable":true,"href":"https:\/\/eroticsexshop.cy\/en\/wp-json\/wp\/v2\/media\/95353"}],"wp:attachment":[{"href":"https:\/\/eroticsexshop.cy\/en\/wp-json\/wp\/v2\/media?parent=160804"}],"wp:term":[{"taxonomy":"product_brand","embeddable":true,"href":"https:\/\/eroticsexshop.cy\/en\/wp-json\/wp\/v2\/product_brand?post=160804"},{"taxonomy":"product_cat","embeddable":true,"href":"https:\/\/eroticsexshop.cy\/en\/wp-json\/wp\/v2\/product_cat?post=160804"},{"taxonomy":"product_tag","embeddable":true,"href":"https:\/\/eroticsexshop.cy\/en\/wp-json\/wp\/v2\/product_tag?post=160804"}],"curies":[{"name":"wp","href":"https:\/\/api.w.org\/{rel}","templated":true}]}}