{"id":106147,"date":"2020-07-12T16:23:43","date_gmt":"2020-07-12T16:23:43","guid":{"rendered":"https:\/\/www.sexshopcy.com\/product\/%cf%80%cf%81%cf%89%ce%ba%cf%84%ce%b9%ce%ba%cf%8c-sex-kit\/"},"modified":"2023-05-08T12:26:40","modified_gmt":"2023-05-08T09:26:40","slug":"anal-sex-kit","status":"publish","type":"product","link":"https:\/\/eroticsexshop.cy\/en\/product\/anal-sex-kit\/","title":{"rendered":"ANAL Kit SET WITH VIBRATION"},"content":{"rendered":"","protected":false},"excerpt":{"rendered":"<p>There is something for everybody in this set!<br \/>\nDo you like anal games? Then this black set is perfect for you. The set contains a plug, anal beads and an intimate douche. There is an included vibrator that can be inserted into the plug or anal beads for extra fun!<\/p>\n<p><strong>Plug approx. 15 cm long, \u00d8 2.1 to 3.5 cm, beads approx. 18 cm long, \u00d8 1.2 to 3 cm, intimate douche approx. 17 cm long, douche tube approx. 5.5 cm long, \u00d8 6 to 9 mm.<\/strong><\/p>\n<p>Material: silicone, ABS, PVC.<\/p>\n","protected":false},"featured_media":106132,"template":"","meta":{"_acf_changed":false,"_seopress_robots_primary_cat":"","_seopress_titles_title":"","_seopress_titles_desc":"","_seopress_robots_index":""},"product_brand":[],"product_cat":[20,149,151,543,531,148],"product_tag":[],"class_list":{"0":"post-106147","1":"product","2":"type-product","3":"status-publish","4":"has-post-thumbnail","6":"product_cat-anal-toys","7":"product_cat-anal-beads","8":"product_cat-anal-douche","9":"product_cat-anal-kit-set","10":"product_cat-anal-plugs-with-vibration","11":"product_cat-butt-plugs","13":"first","14":"instock","15":"taxable","16":"shipping-taxable","17":"purchasable","18":"product-type-simple"},"acf":[],"_links":{"self":[{"href":"https:\/\/eroticsexshop.cy\/en\/wp-json\/wp\/v2\/product\/106147","targetHints":{"allow":["GET"]}}],"collection":[{"href":"https:\/\/eroticsexshop.cy\/en\/wp-json\/wp\/v2\/product"}],"about":[{"href":"https:\/\/eroticsexshop.cy\/en\/wp-json\/wp\/v2\/types\/product"}],"version-history":[{"count":0,"href":"https:\/\/eroticsexshop.cy\/en\/wp-json\/wp\/v2\/product\/106147\/revisions"}],"wp:featuredmedia":[{"embeddable":true,"href":"https:\/\/eroticsexshop.cy\/en\/wp-json\/wp\/v2\/media\/106132"}],"wp:attachment":[{"href":"https:\/\/eroticsexshop.cy\/en\/wp-json\/wp\/v2\/media?parent=106147"}],"wp:term":[{"taxonomy":"product_brand","embeddable":true,"href":"https:\/\/eroticsexshop.cy\/en\/wp-json\/wp\/v2\/product_brand?post=106147"},{"taxonomy":"product_cat","embeddable":true,"href":"https:\/\/eroticsexshop.cy\/en\/wp-json\/wp\/v2\/product_cat?post=106147"},{"taxonomy":"product_tag","embeddable":true,"href":"https:\/\/eroticsexshop.cy\/en\/wp-json\/wp\/v2\/product_tag?post=106147"}],"curies":[{"name":"wp","href":"https:\/\/api.w.org\/{rel}","templated":true}]}}