{"id":101071,"date":"2020-04-05T17:03:35","date_gmt":"2020-04-05T17:03:35","guid":{"rendered":"https:\/\/www.sexshopcy.com\/product\/101052\/"},"modified":"2020-04-05T17:13:51","modified_gmt":"2020-04-05T17:13:51","slug":"penis-sleeve-with-extension","status":"publish","type":"product","link":"https:\/\/eroticsexshop.cy\/en\/product\/penis-sleeve-with-extension\/","title":{"rendered":"Penis Sleeve with Extension"},"content":{"rendered":"","protected":false},"excerpt":{"rendered":"<ul class=\"usp-list\">\n<li class=\"usp-list--element\">Sleeve with pronounced veins and glans<\/li>\n<li class=\"usp-list--element\">With a hole for the testicles for a non-slip fit<\/li>\n<li class=\"usp-list--element\">Extends penis by 5 cm<\/li>\n<\/ul>\n<p>Makes the penis longer and thicker!<br \/>\nThis skin-coloured penis sleeve with pronounced glans and veins, a tip that is curved upwards slightly is really impressive!<br \/>\nThe extra hole for the testicles and the flexible hole mean that it\u2019s really comfortable to wear, provides additional stimulation and won\u2019t slip off.<br \/>\nAnd if that\u2019s not enough: the glans at the front are solid meaning that it extends the penis by 5 cm!<br \/>\nMade out of very realistic and soft material.<br \/>\nComplete length 21 cm, insertion depth 13.5 cm, outer \u00d8 4 cm, inner \u00d8 2.7 cm (unstretched), \u00d8 of hole for testicles 2.5 cm (very flexible). TPE.<\/p>\n<dl class=\"attributes\">\n<dt>Label:<\/dt>\n<dd class=\"series\">Nature Skin<\/dd>\n<dt>Colour:<\/dt>\n<dd class=\"color\">skin-coloured<\/dd>\n<dt>Material:<\/dt>\n<dd class=\"material\">TPE<\/dd>\n<\/dl>\n<h3>Size<\/h3>\n<dl class=\"attributes\">\n<dt>Length:<\/dt>\n<dd class=\"total-length\">21 cm<\/dd>\n<dt>Diameter:<\/dt>\n<dd class=\"diameter\">4 cm<\/dd>\n<dt>Weight:<\/dt>\n<dd class=\"weight\">205 g<\/dd>\n<\/dl>\n","protected":false},"featured_media":236151,"template":"","meta":{"_acf_changed":false,"_seopress_robots_primary_cat":"","_seopress_titles_title":"","_seopress_titles_desc":"","_seopress_robots_index":""},"product_brand":[],"product_cat":[18,576],"product_tag":[],"class_list":{"0":"post-101071","1":"product","2":"type-product","3":"status-publish","4":"has-post-thumbnail","6":"product_cat-for-men","7":"product_cat-penis-extension-sleeves","9":"first","10":"instock","11":"taxable","12":"shipping-taxable","13":"purchasable","14":"product-type-simple"},"acf":[],"_links":{"self":[{"href":"https:\/\/eroticsexshop.cy\/en\/wp-json\/wp\/v2\/product\/101071","targetHints":{"allow":["GET"]}}],"collection":[{"href":"https:\/\/eroticsexshop.cy\/en\/wp-json\/wp\/v2\/product"}],"about":[{"href":"https:\/\/eroticsexshop.cy\/en\/wp-json\/wp\/v2\/types\/product"}],"version-history":[{"count":0,"href":"https:\/\/eroticsexshop.cy\/en\/wp-json\/wp\/v2\/product\/101071\/revisions"}],"wp:featuredmedia":[{"embeddable":true,"href":"https:\/\/eroticsexshop.cy\/en\/wp-json\/wp\/v2\/media\/236151"}],"wp:attachment":[{"href":"https:\/\/eroticsexshop.cy\/en\/wp-json\/wp\/v2\/media?parent=101071"}],"wp:term":[{"taxonomy":"product_brand","embeddable":true,"href":"https:\/\/eroticsexshop.cy\/en\/wp-json\/wp\/v2\/product_brand?post=101071"},{"taxonomy":"product_cat","embeddable":true,"href":"https:\/\/eroticsexshop.cy\/en\/wp-json\/wp\/v2\/product_cat?post=101071"},{"taxonomy":"product_tag","embeddable":true,"href":"https:\/\/eroticsexshop.cy\/en\/wp-json\/wp\/v2\/product_tag?post=101071"}],"curies":[{"name":"wp","href":"https:\/\/api.w.org\/{rel}","templated":true}]}}